{"id":19396,"date":"2022-04-06T05:30:58","date_gmt":"2022-04-06T05:30:58","guid":{"rendered":"https:\/\/telebexidmet.az\/?page_id=19396"},"modified":"2022-07-26T08:49:45","modified_gmt":"2022-07-26T08:49:45","slug":"job-vacancy","status":"publish","type":"page","link":"https:\/\/telebexidmet.az\/en\/job-vacancy\/","title":{"rendered":"Job Vacancy"},"content":{"rendered":"<ul class=\"wp-block-list\"><li><a href=\"https:\/\/bit.ly\/3u2F6pb\" target=\"_blank\" rel=\"noreferrer noopener nofollow\">Ministry of Digital Development and Transport of the Republic of Azerbaijan<\/a><\/li><li><a href=\"http:\/\/eco.gov.az\/az\/ishe-qebul\" target=\"_blank\" rel=\"noreferrer noopener nofollow\">The Ministry of Environment and Natural Resources<\/a><\/li><li><a href=\"http:\/\/www.maliyye.gov.az\/news\/5697\/daxili-musahibe-elani\" target=\"_blank\" rel=\"noreferrer noopener nofollow\">Az\u0259rbaycan Respublikas\u0131 Maliyy\u0259 Nazirliyi<\/a><\/li><li><a href=\"https:\/\/economy.gov.az\/az\/page\/elanlar\/ise-qebul\" target=\"_blank\" rel=\"noreferrer noopener nofollow\">Az\u0259rbaycan Respublikas\u0131 \u0130qtisadiyyat Nazirliyi<\/a><\/li><li><a href=\"https:\/\/www.sosial.gov.az\/Vakansiyalar\" target=\"_blank\" rel=\"noreferrer noopener nofollow\">\u018fm\u0259k v\u0259 \u018fhalinin Sosial M\u00fcdafi\u0259si Nazirliyi<\/a><\/li><li><a href=\"http:\/\/mct.gov.az\/az\/elanlar\" target=\"_blank\" rel=\"noreferrer noopener nofollow\">Az\u0259rbaycan Respublikas\u0131 M\u0259d\u0259niyy\u0259t Nazirliyi<\/a><\/li><li><a href=\"https:\/\/bit.ly\/37gPH7a\" target=\"_blank\" rel=\"noreferrer noopener nofollow\">State Committee for Affairs of Refugees and Internally Displaced Persons of the Republic of Azerbaijan<\/a><\/li><li><a href=\"http:\/\/scfwca.gov.az\/page\/vakansiyalar\" target=\"_blank\" rel=\"noreferrer noopener nofollow\">Ail\u0259, Qad\u0131n v\u0259 U\u015faq Probleml\u0259ri \u00fczr\u0259 D\u00f6vl\u0259t Komit\u0259si<\/a><\/li><li><a href=\"http:\/\/diaspor.gov.az\/elanlar\/index1.php\" target=\"_blank\" rel=\"noreferrer noopener nofollow\">Diasporla \u0130\u015f \u00fczr\u0259 D\u00f6vl\u0259t Komit\u0259si<\/a><\/li><li><a href=\"https:\/\/competition.gov.az\/az\/page\/melumat-merkezi\/events\" target=\"_blank\" rel=\"noreferrer noopener nofollow\">Antiinhisar v\u0259 \u0130stehlak Bazar\u0131na N\u0259zar\u0259t D\u00f6vl\u0259t Xidm\u0259ti<\/a><\/li><li><a href=\"https:\/\/bit.ly\/3LCWw1F\" target=\"_blank\" rel=\"noreferrer noopener nofollow\">State Service on Property Issues under the Ministry of Economy of the Republic of Azerbaijan<\/a><\/li><li><a href=\"https:\/\/www.taxes.gov.az\/az\/page\/ise-qebul\" target=\"_blank\" rel=\"noreferrer noopener nofollow\">D\u00f6vl\u0259t Vergi Xidm\u0259ti<\/a><\/li><li><a href=\"https:\/\/dma.gov.az\/agentlik\/karyera\" target=\"_blank\" rel=\"noreferrer noopener nofollow\">D\u00f6vl\u0259t M\u0259\u015f\u011fulluq Agentliyi<\/a><\/li><li><a href=\"http:\/\/afsa.gov.az\/az\/agency\/vacancy\" target=\"_blank\" rel=\"noreferrer noopener nofollow\">Qida T\u0259hl\u00fck\u0259sliyi Agentliyi<\/a><\/li><li><a href=\"https:\/\/bit.ly\/3vV60A8\" target=\"_blank\" rel=\"noreferrer noopener nofollow\">DOST - Agency for Sustainable and Operative Social security<\/a><\/li><li><a href=\"http:\/\/metrology.az\/index.php\/haqqimizda-azmi\/vakansiyalar\" target=\"_blank\" rel=\"noreferrer noopener nofollow\">Az\u0259rbaycan Metrologiya \u0130nstitutu<\/a><\/li><li><a href=\"https:\/\/bit.ly\/3DBVuQC\" target=\"_blank\" rel=\"noreferrer noopener nofollow\">SOCAR - State Oil Company of the Azerbaijan Republic<\/a><\/li><li><a href=\"https:\/\/bit.ly\/3NGqUsP\" target=\"_blank\" rel=\"noreferrer noopener nofollow\">Az\u0259rbaycan Respublikas\u0131 D\u00f6vl\u0259t Neft Fondu<\/a><\/li><li><a href=\"https:\/\/bit.ly\/3LXwiHT\" target=\"_blank\" rel=\"noreferrer noopener nofollow\">Az\u0259rbaycan D\u0259mir Yollar\u0131<\/a><\/li><li><a href=\"https:\/\/bit.ly\/3wYW1L3\" target=\"_blank\" rel=\"noreferrer noopener nofollow\">Az\u0259rbaycan Hava Yollar\u0131<\/a><\/li><li><a href=\"https:\/\/azersu.az\/az\/karyera\" target=\"_blank\" rel=\"noreferrer noopener nofollow\">Az\u0259rsu<\/a><\/li><li><a href=\"https:\/\/www.azerishiq.az\/menu\/kadr-ehtiyat-banki\" target=\"_blank\" rel=\"noreferrer noopener nofollow\">Az\u0259ri\u015f\u0131q<\/a><\/li><li><a href=\"http:\/\/azeristilik.gov.az\/content\/az\/54\" target=\"_blank\" rel=\"noreferrer noopener nofollow\">Az\u0259ristilikt\u0259chizat<\/a><\/li><li><a href=\"https:\/\/bit.ly\/3vyALuS\" target=\"_blank\" rel=\"noreferrer noopener nofollow\">Pa\u015fa S\u0131\u011forta<\/a><\/li><li><a href=\"https:\/\/bit.ly\/3vXn0FW\" target=\"_blank\" rel=\"noreferrer noopener nofollow\">G\u00fcv\u0259nli MMC<\/a><\/li><li><a href=\"https:\/\/bit.ly\/3LZPEMi\" target=\"_blank\" rel=\"noreferrer noopener nofollow\">Az\u0259rsun Holdinq MMC<\/a><\/li><li><a href=\"https:\/\/bit.ly\/3v6jJnu\" target=\"_blank\" rel=\"noreferrer noopener nofollow\">Az\u0259rbaycan Beyn\u0259lxalq Bank\u0131<\/a><\/li><li><a href=\"https:\/\/bit.ly\/3FuBhgB\" target=\"_blank\" rel=\"noreferrer noopener nofollow\">Rabit\u0259bank<\/a><\/li><li><a href=\"https:\/\/bit.ly\/3wbhEpO\" target=\"_blank\" rel=\"noreferrer noopener nofollow\">Unibank<\/a><\/li><li><a href=\"https:\/\/www.expressbank.az\/carier#app\" target=\"_blank\" rel=\"noreferrer noopener nofollow\">Expressbank<\/a><\/li><li><a href=\"https:\/\/bit.ly\/3M0szJr\" target=\"_blank\" rel=\"noreferrer noopener nofollow\">TuranBank<\/a><\/li><li><a href=\"https:\/\/bit.ly\/3wdtr6W\" target=\"_blank\" rel=\"noreferrer noopener nofollow\">PA\u015eA Bank<\/a><\/li><li><a href=\"https:\/\/bit.ly\/394kBk4\" target=\"_blank\" rel=\"noreferrer noopener nofollow\">Kapital Bank<\/a><\/li><li><a href=\"https:\/\/bit.ly\/3KV9w2P\" target=\"_blank\" rel=\"noreferrer noopener nofollow\">AFB BANK<\/a><\/li><li><a href=\"https:\/\/www.yelo.az\/az\/about-bank\/career\/vacancies\" target=\"_blank\" rel=\"noreferrer noopener nofollow\">YeloBank<\/a><\/li><li><a href=\"https:\/\/bit.ly\/3FtyAMm\" target=\"_blank\" rel=\"noreferrer noopener nofollow\">Azercell<\/a><\/li><\/ul>\n\n\n\n<p><\/p>","protected":false},"excerpt":{"rendered":"<p>R\u0259q\u0259msal \u0130nki\u015faf v\u0259 N\u0259qliyyat Nazirliyi Ekologiya v\u0259 T\u0259bii S\u0259rv\u0259tl\u0259r Nazirliyi Az\u0259rbaycan Respublikas\u0131 Maliyy\u0259 Nazirliyi Az\u0259rbaycan Respublikas\u0131 \u0130qtisadiyyat Nazirliyi \u018fm\u0259k v\u0259 \u018fhalinin Sosial M\u00fcdafi\u0259si Nazirliyi Az\u0259rbaycan Respublikas\u0131 M\u0259d\u0259niyy\u0259t Nazirliyi Qa\u00e7q\u0131nlar\u0131n v\u0259 M\u0259cburi K\u00f6\u00e7k\u00fcnl\u0259rin \u0130\u015fl\u0259ri \u00fczr\u0259 D\u00f6vl\u0259t Komit\u0259si Ail\u0259, Qad\u0131n v\u0259 U\u015faq Probleml\u0259ri \u00fczr\u0259 D\u00f6vl\u0259t Komit\u0259si Diasporla \u0130\u015f \u00fczr\u0259 D\u00f6vl\u0259t Komit\u0259si Antiinhisar<\/p>","protected":false},"author":1,"featured_media":0,"parent":0,"menu_order":0,"comment_status":"closed","ping_status":"closed","template":"","meta":{"footnotes":""},"class_list":["post-19396","page","type-page","status-publish","hentry"],"aioseo_notices":[],"_links":{"self":[{"href":"https:\/\/telebexidmet.az\/en\/wp-json\/wp\/v2\/pages\/19396","targetHints":{"allow":["GET"]}}],"collection":[{"href":"https:\/\/telebexidmet.az\/en\/wp-json\/wp\/v2\/pages"}],"about":[{"href":"https:\/\/telebexidmet.az\/en\/wp-json\/wp\/v2\/types\/page"}],"author":[{"embeddable":true,"href":"https:\/\/telebexidmet.az\/en\/wp-json\/wp\/v2\/users\/1"}],"replies":[{"embeddable":true,"href":"https:\/\/telebexidmet.az\/en\/wp-json\/wp\/v2\/comments?post=19396"}],"version-history":[{"count":33,"href":"https:\/\/telebexidmet.az\/en\/wp-json\/wp\/v2\/pages\/19396\/revisions"}],"predecessor-version":[{"id":21336,"href":"https:\/\/telebexidmet.az\/en\/wp-json\/wp\/v2\/pages\/19396\/revisions\/21336"}],"wp:attachment":[{"href":"https:\/\/telebexidmet.az\/en\/wp-json\/wp\/v2\/media?parent=19396"}],"curies":[{"name":"wp","href":"https:\/\/api.w.org\/{rel}","templated":true}]}}