{"id":19156,"date":"2022-03-04T01:14:20","date_gmt":"2022-03-03T21:14:20","guid":{"rendered":"https:\/\/telebexidmet.az\/?page_id=19156"},"modified":"2022-04-18T12:57:14","modified_gmt":"2022-04-18T12:57:14","slug":"ministry-of-education-of-the-republic-of-azerbaijan","status":"publish","type":"page","link":"https:\/\/telebexidmet.az\/en\/ministry-of-education-of-the-republic-of-azerbaijan\/","title":{"rendered":"Ministry of Education of the Republic of Azerbaijan"},"content":{"rendered":"<p>The first Ministry of Education was established by the decision of the Government of the Azerbaijan Democratic Republic dated May 28, 1918 \u2013 the Ministry of Public Education. By the decision of the Council of Ministers dated June 30, 1918, the structure of the Ministry of Public Education consisting of three departments (general secondary education, higher and secondary special education, vocational schools) was approved.<\/p>\n\n\n\n<p>By the decision of the Council of People\u2019s Commissars of the Azerbaijan SSR dated April 28, 1920, the Ministry of Public Education was renamed the People\u2019s Commissariat of Education and all educational institutions in the country were subordinated to this body.<\/p>\n\n\n\n<p>In 1940, by the decision of the Council of Ministers of the Azerbaijan SSR, the Department of Labor Resources was established and technical and vocational education institutions were included in the subordination of this department. The State Technical Vocational Education Committee, established by the government in 1959 on the basis of this department, functioned until 1988. At the same time, by the decision of the Council of Ministers of the Azerbaijan SSR, the Committee for Higher and Secondary Special Education was established in 1959 (in 1964 it became the Ministry of Higher and Secondary Special Education). Higher and secondary special schools of the republic were subordinated to this institution and the Ministry of Higher and Secondary Special Education operated until 1988. In general, from 1959 to 1988, there were two ministries and one committee on education in Azerbaijan (Ministry of Public Education, Ministry of Higher and Secondary Special Education, State Technical Vocational Education Committee).<\/p>\n\n\n\n<p>In 1988, by the decision of the Council of Ministers of the Azerbaijan SSR, all three ministries were abolished and the Ministry of Public Education was established on their basis and the structure of the ministry was approved. By the order of the President of the Republic of Azerbaijan dated September 3, 1993, the Ministry of Public Education was renamed the Ministry of Education. The Statute of the Ministry was approved by the decree of the President of the Republic of Azerbaijan dated March 1, 2005.<\/p>\n\n\n\n<p>Emin Amrullayev has been appointed Minister of Education by the Order of the President of the Republic of Azerbaijan dated July 27, 2020.<\/p>","protected":false},"excerpt":{"rendered":"<p>Az\u0259rbaycan Xalq C\u00fcmhuriyy\u0259ti h\u00f6kum\u0259tinin 1918-ci il 28 may tarixli q\u0259rar\u0131 il\u0259 maarif v\u0259 t\u0259hsil \u00fczr\u0259 ilk nazirlik-Xalq Maarifi Nazirliyi yarad\u0131l\u0131b. Nazirl\u0259r \u015euras\u0131n\u0131n 30 iyun 1918-ci il tarixli q\u0259rar\u0131 il\u0259 Xalq Maarifi Nazirliyinin \u00fc\u00e7 \u015f\u00f6b\u0259d\u0259n (\u00fcmumi orta t\u0259hsil, ali v\u0259 orta ixtisas t\u0259hsili, pe\u015f\u0259 m\u0259kt\u0259bl\u0259ri) ibar\u0259t strukturu t\u0259sdiq olunub. Az\u0259rbaycan SSR<\/p>","protected":false},"author":1,"featured_media":0,"parent":0,"menu_order":0,"comment_status":"closed","ping_status":"closed","template":"","meta":{"footnotes":""},"class_list":["post-19156","page","type-page","status-publish","hentry"],"aioseo_notices":[],"_links":{"self":[{"href":"https:\/\/telebexidmet.az\/en\/wp-json\/wp\/v2\/pages\/19156","targetHints":{"allow":["GET"]}}],"collection":[{"href":"https:\/\/telebexidmet.az\/en\/wp-json\/wp\/v2\/pages"}],"about":[{"href":"https:\/\/telebexidmet.az\/en\/wp-json\/wp\/v2\/types\/page"}],"author":[{"embeddable":true,"href":"https:\/\/telebexidmet.az\/en\/wp-json\/wp\/v2\/users\/1"}],"replies":[{"embeddable":true,"href":"https:\/\/telebexidmet.az\/en\/wp-json\/wp\/v2\/comments?post=19156"}],"version-history":[{"count":3,"href":"https:\/\/telebexidmet.az\/en\/wp-json\/wp\/v2\/pages\/19156\/revisions"}],"predecessor-version":[{"id":19641,"href":"https:\/\/telebexidmet.az\/en\/wp-json\/wp\/v2\/pages\/19156\/revisions\/19641"}],"wp:attachment":[{"href":"https:\/\/telebexidmet.az\/en\/wp-json\/wp\/v2\/media?parent=19156"}],"curies":[{"name":"wp","href":"https:\/\/api.w.org\/{rel}","templated":true}]}}