{"id":19127,"date":"2022-03-03T04:22:46","date_gmt":"2022-03-03T00:22:46","guid":{"rendered":"https:\/\/telebexidmet.az\/?page_id=19127"},"modified":"2022-03-13T23:44:10","modified_gmt":"2022-03-13T23:44:10","slug":"gender-equality","status":"publish","type":"page","link":"https:\/\/telebexidmet.az\/en\/gender-equality\/","title":{"rendered":"Gender equality"},"content":{"rendered":"<p>On guarantees of gender (male and female) equality<\/p>\n\n\n\n<p>LAW OF THE REPUBLIC OF AZERBAIJAN<\/p>\n\n\n\n<p>&nbsp;<strong>Article 1. The purpose of the law<\/strong><\/p>\n\n\n\n<p>The purpose of this law is to ensure gender equality by eliminating all forms of gender discrimination and creating equal opportunities for men and women in political, economic, social, cultural, and other spheres of public life.<\/p>\n\n\n\n<p>&nbsp;<strong>Article 2. Basic concepts<\/strong><\/p>\n\n\n\n<p>2.0. The following definitions are used in this law:<\/p>\n\n\n\n<p>2.0.1. Gender \u2013 the social aspect of male-female relations in political, economic, cultural, and other spheres of public life;<\/p>\n\n\n\n<p>2.0.2. Gender equality \u2013 equality of rights of women and men and equal opportunities for the realization of these rights and their equal social status in society;<\/p>\n\n\n\n<p>2.0.3. Equal opportunities \u2013 equal conditions and guarantees created for women and men in the implementation of human rights;<\/p>\n\n\n\n<p>2.0.4. Discrimination on the basis of sex \u2013 sexual harassment, any difference, exception, or preference that restricts or denies the equal exercise of rights on the basis of sex;<\/p>\n\n\n\n<p>2.0.5. Sexual harassment \u2013 immoral behavior that degrades and insults a person in a labor or service relationship, arises from belonging to another sex or sexual orientation, and manifests itself in physical actions (touching, touching), obscene words, gestures, threats, defamatory offers or invitations.<\/p>\n\n\n\n<p><strong>Article 13. Equal opportunities in the realization of the right to education<\/strong><\/p>\n\n\n\n<p>13.1. The state provides for the creation of equal opportunities for men and women to exercise their right to education.<\/p>\n\n\n\n<p>13.2. The employer must create equal conditions for men and women to receive basic and additional education, to exercise their right to education-related leave.<\/p>\n\n\n\n<p>13.3. The state provides for the creation of equal opportunities for men and women in admission to all educational institutions, student scholarships, selection of the curriculum, and assessment of the knowledge, regardless of the type of property.<\/p>\n\n\n\n<p>13.4. Textbooks should be based on the principle of gender equality.<\/p>\n\n\n\n<p><strong>&nbsp;Article 14. Discrimination in the activities of educational institutions on the basis of sex<\/strong><\/p>\n\n\n\n<p>14.0. In the activities of educational institutions, the following cases can be considered as discrimination on the basis of sex:<\/p>\n\n\n\n<p>14.0.1. Application of different requirements for men and women during admission, curriculum development, or knowledge assessment;<\/p>\n\n\n\n<p>14.0.2. Creation of different opportunities for men and women in the choice of the field of education.<\/p>","protected":false},"excerpt":{"rendered":"<p>Gender (ki\u015fi v\u0259 qad\u0131nlar\u0131n) b\u0259rab\u0259rliyinin t\u0259minatlar\u0131 haqq\u0131nda AZ\u018fRBAYCAN RESPUBL\u0130KASININ QANUNU &nbsp;Madd\u0259 1 . Qanunun m\u0259qs\u0259di Bu Qanunun m\u0259qs\u0259di cinsi m\u0259nsubiyy\u0259t\u0259 g\u00f6r\u0259 ayr\u0131-se\u00e7kiliyin b\u00fct\u00fcn formalar\u0131n\u0131 aradan qald\u0131rmaqla, ki\u015fi v\u0259 qad\u0131nlara ictimai h\u0259yat\u0131n siyasi, iqtisadi, sosial, m\u0259d\u0259ni v\u0259 dig\u0259r sah\u0259l\u0259rind\u0259 b\u0259rab\u0259r imkanlar yaratmaqla gender b\u0259rab\u0259rliyinin t\u0259min edilm\u0259sind\u0259n ibar\u0259tdir. &nbsp;Madd\u0259 2 . \u018fsas<\/p>","protected":false},"author":1,"featured_media":0,"parent":0,"menu_order":0,"comment_status":"closed","ping_status":"closed","template":"","meta":{"footnotes":""},"class_list":["post-19127","page","type-page","status-publish","hentry"],"aioseo_notices":[],"_links":{"self":[{"href":"https:\/\/telebexidmet.az\/en\/wp-json\/wp\/v2\/pages\/19127","targetHints":{"allow":["GET"]}}],"collection":[{"href":"https:\/\/telebexidmet.az\/en\/wp-json\/wp\/v2\/pages"}],"about":[{"href":"https:\/\/telebexidmet.az\/en\/wp-json\/wp\/v2\/types\/page"}],"author":[{"embeddable":true,"href":"https:\/\/telebexidmet.az\/en\/wp-json\/wp\/v2\/users\/1"}],"replies":[{"embeddable":true,"href":"https:\/\/telebexidmet.az\/en\/wp-json\/wp\/v2\/comments?post=19127"}],"version-history":[{"count":1,"href":"https:\/\/telebexidmet.az\/en\/wp-json\/wp\/v2\/pages\/19127\/revisions"}],"predecessor-version":[{"id":19128,"href":"https:\/\/telebexidmet.az\/en\/wp-json\/wp\/v2\/pages\/19127\/revisions\/19128"}],"wp:attachment":[{"href":"https:\/\/telebexidmet.az\/en\/wp-json\/wp\/v2\/media?parent=19127"}],"curies":[{"name":"wp","href":"https:\/\/api.w.org\/{rel}","templated":true}]}}