{"id":2,"date":"2022-03-02T11:02:28","date_gmt":"2022-03-02T07:02:28","guid":{"rendered":"https:\/\/telebexidmet.az\/?page_id=2"},"modified":"2022-05-23T06:35:54","modified_gmt":"2022-05-23T06:35:54","slug":"about-us","status":"publish","type":"page","link":"https:\/\/telebexidmet.az\/az\/about-us\/","title":{"rendered":"Haqq\u0131m\u0131zda"},"content":{"rendered":"\n<div class=\"wp-block-group\"><div class=\"wp-block-group__inner-container is-layout-flow wp-block-group-is-layout-flow\">\n<p><strong>\u201cT\u0259hsil m\u00fc\u0259ssis\u0259l\u0259rind\u0259 t\u0259l\u0259b\u0259l\u0259rin sosial f\u0259aliyy\u0259ti v\u0259 inki\u015faf\u0131\u201d layih\u0259si haqq\u0131nda<\/strong><\/p>\n<\/div><\/div>\n\n\n\n<p>Layih\u0259nin m\u0259qs\u0259di ali, orta ixtisas v\u0259 pe\u015f\u0259 t\u0259hsili m\u00fc\u0259ssis\u0259l\u0259rind\u0259 t\u0259l\u0259b\u0259l\u0259rin sosial f\u0259aliyy\u0259tl\u0259rinin yax\u015f\u0131la\u015fd\u0131r\u0131lmas\u0131, onlar\u0131n h\u0259rt\u0259r\u0259fli inki\u015faf etdirilm\u0259si v\u0259 sosial m\u0259suliyy\u0259ti d\u0259rk ed\u0259r\u0259k, c\u0259miyy\u0259t \u00fc\u00e7\u00fcn faydal\u0131 i\u015fl\u0259rin g\u00f6r\u00fclm\u0259sin\u0259 c\u0259lb edilm\u0259l\u0259ridir. H\u0259m\u00e7inin, t\u0259l\u0259b\u0259l\u0259rin h\u0259m t\u0259hsil prosesind\u0259, h\u0259m d\u0259 ictimai f\u0259all\u0131qlar\u0131nda \u0259hat\u0259 dair\u0259sinin geni\u015fl\u0259ndirilm\u0259si onlar\u0131n ixtisaslar\u0131na daha maraqla yana\u015fmalar\u0131, f\u0259all\u0131q n\u00fcmayi\u015f etdirm\u0259l\u0259ri, elmi v\u0259 dig\u0259r yarad\u0131c\u0131l\u0131qlar\u0131n\u0131 inki\u015faf etdirm\u0259l\u0259ri, bilikl\u0259rin praktiki \u0259h\u0259miyy\u0259tini d\u0259rk etm\u0259l\u0259ri \u0259sas istiqam\u0259tl\u0259rd\u0259n biridir.<\/p>\n\n\n\n<p>Layih\u0259nin dig\u0259r bir m\u0259qs\u0259di is\u0259 t\u0259hsil alan t\u0259l\u0259b\u0259l\u0259r aras\u0131nda dostluq v\u0259 yolda\u015fl\u0131q m\u00fcnasib\u0259tl\u0259rinin yarad\u0131lmas\u0131, \u00fcnsiyy\u0259tin m\u00f6hk\u0259ml\u0259ndirilm\u0259sidir. Bu da \u00f6z n\u00f6vb\u0259sind\u0259 t\u0259l\u0259b\u0259l\u0259r\u0259 h\u0259l\u0259 t\u0259hsil ald\u0131qlar\u0131 d\u00f6vrd\u0259n kollektivl\u0259 i\u015fl\u0259m\u0259 bacar\u0131qlar\u0131n\u0131n a\u015f\u0131lanmas\u0131 dem\u0259kdir. Bel\u0259 olduqda t\u0259l\u0259b\u0259l\u0259r aras\u0131nda s\u0131x m\u00fcnasib\u0259tl\u0259r yaran\u0131r, \u00e7al\u0131\u015fmaq h\u0259v\u0259si, qar\u015f\u0131ya \u00e7\u0131xan \u00e7\u0259tinlikl\u0259ri birg\u0259 aradan qald\u0131rmaq \u0259zmi formala\u015f\u0131r. Eyni zamanda, t\u0259l\u0259b\u0259l\u0259r\u0259 t\u0259hsil ald\u0131qlar\u0131 m\u00fcdd\u0259td\u0259 \u00f6z h\u0259r\u0259k\u0259tl\u0259rini d\u00fczg\u00fcn qiym\u0259tl\u0259ndirm\u0259k, i\u015fin\u0259 m\u0259suliyy\u0259tl\u0259 yana\u015fmaq, kollektiv aras\u0131nda xo\u015f t\u0259\u0259ss\u00fcrat yaratmaq kimi bir s\u0131ra v\u0259rdi\u015fl\u0259rin a\u015f\u0131lanmas\u0131 vacibdir.&nbsp;\u00c7\u00fcnki, \u0259m\u0259k f\u0259aliyy\u0259tl\u0259rini icra m\u00fcdd\u0259tind\u0259 \u00e7\u0259tinlikl\u0259rl\u0259 qar\u015f\u0131la\u015fan t\u0259l\u0259b\u0259 bu v\u0259rdi\u015fl\u0259r say\u0259sind\u0259 d\u00f6z\u00fcml\u00fcl\u00fck n\u00fcmayi\u015f etdirib, \u00f6z\u00fcn\u0259 h\u0259yat kredosu se\u00e7ir v\u0259 m\u0259\u011flub olmur. Dig\u0259r bir t\u0259r\u0259fd\u0259n is\u0259 h\u0259r bir t\u0259l\u0259b\u0259nin bilik v\u0259 bacar\u0131qlar\u0131na uy\u011fun \u015f\u0259raitin yarad\u0131lmas\u0131, onlara d\u0259st\u0259k  c\u0259miyy\u0259tin v\u0259 ayr\u0131-ayr\u0131 m\u0259sul \u015f\u0259xsl\u0259rin borcudur. Bir s\u00f6zl\u0259, m\u0259qs\u0259d d\u00fcnyag\u00f6r\u00fc\u015fl\u00fc, savadl\u0131, intelektual Az\u0259rbaycan v\u0259t\u0259nda\u015f\u0131n\u0131n formala\u015fmas\u0131d\u0131r!<\/p>\n\n\n\n<p>\u201cT\u0259hsil m\u00fc\u0259ssis\u0259l\u0259rind\u0259 t\u0259l\u0259b\u0259l\u0259rin sosial f\u0259aliyy\u0259ti v\u0259 inki\u015faf\u0131\u201d layih\u0259si m\u00fcdd\u0259tind\u0259 t\u0259l\u0259b\u0259l\u0259rl\u0259 s\u0131x \u0259laq\u0259l\u0259rin qurulmas\u0131, onlar\u0131n \u00f6z sah\u0259sind\u0259 pe\u015f\u0259kar insanlarla tan\u0131\u015fd\u0131r\u0131lmas\u0131 v\u0259 t\u0259cr\u00fcb\u0259l\u0259rind\u0259n yararlanma, t\u0259cr\u00fcb\u0259 proqramlar\u0131na, t\u0259liml\u0259r\u0259, seminarlara y\u00f6nl\u0259ndirilm\u0259kl\u0259 inki\u015faf etm\u0259l\u0259rin\u0259 d\u0259st\u0259k olmaq, t\u0259l\u0259b\u0259l\u0259rin t\u0259hsil ald\u0131qlar\u0131 m\u00fcdd\u0259tin maraql\u0131 v\u0259 s\u0259m\u0259r\u0259li ke\u00e7m\u0259sin\u0259 \u015f\u0259rait yaratmaq \u0259sas qay\u0259mizdir.<\/p>\n\n\n\n<p>Layih\u0259nin icras\u0131 zaman\u0131 yarad\u0131lm\u0131\u015f \u201cT\u0259l\u0259b\u0259 Xidm\u0259t Ofisi\u201d layih\u0259nin effektivliyinin artmas\u0131nda m\u00fch\u00fcm rol oynay\u0131r. Bel\u0259 ki, bu zaman t\u0259l\u0259b\u0259l\u0259rin h\u0259m t\u0259hsil ald\u0131qlar\u0131 m\u00fcdd\u0259td\u0259, h\u0259m d\u0259 g\u0259l\u0259c\u0259k h\u0259yatlar\u0131nda u\u011furlu olmalar\u0131 \u00fc\u00e7\u00fcn bir \u00e7ox i\u015fl\u0259r g\u00f6r\u00fcl\u0259c\u0259k.<\/p>\n\n\n\n<p>\u201cT\u0259l\u0259b\u0259 Xidm\u0259t Ofisi\u201d bir \u00e7ox t\u0259l\u0259b\u0259nin sosial f\u0259aliyy\u0259tinin yax\u015f\u0131la\u015fd\u0131r\u0131lmas\u0131nda m\u00fch\u00fcm rol oynay\u0131r. Bir \u00e7ox t\u0259l\u0259b\u0259 bura m\u00fcraci\u0259t ed\u0259r\u0259k h\u0259m \u00f6zl\u0259rini inki\u015faf etdir\u0259c\u0259k, h\u0259m d\u0259 c\u0259miyy\u0259td\u0259 olan probleml\u0259rin h\u0259llind\u0259 rol oynayacaq.&nbsp; <\/p>\n\n\n\n<p>\u201cT\u0259l\u0259b\u0259 xidm\u0259t ofis\u201di bir s\u0131ra \u00f6hd\u0259likl\u0259ri \u0259hat\u0259 edir:<\/p>\n\n\n\n<ol class=\"wp-block-list\"><li>\u201ctelebexidmet.az\u201d sayt\u0131n\u0131n yarad\u0131lmas\u0131. K\u00f6n\u00fcll\u00fc f\u0259aliyy\u0259t g\u00f6st\u0259rm\u0259k ist\u0259y\u0259n t\u0259l\u0259b\u0259l\u0259rin asanl\u0131qla yarad\u0131lacaq saytda \u00f6z x\u00fcsusiyy\u0259tl\u0259rin\u0259 uy\u011fun t\u0259cr\u00fcb\u0259 proqramlar\u0131 haqq\u0131nda m\u0259lumat \u0259ld\u0259 ed\u0259, qeydiyyat apara bil\u0259r, h\u0259m\u00e7inin inki\u015faf proqramlar\u0131n\u0131 izl\u0259y\u0259r\u0259k \u00f6zl\u0259rini inki\u015faf etdir\u0259 bil\u0259rl\u0259r. <\/li><li>T\u0259l\u0259b\u0259l\u0259rin t\u0259hsil ald\u0131qlar\u0131 m\u00fcdd\u0259td\u0259 t\u0259cr\u00fcb\u0259 proqramlar\u0131na y\u00f6nl\u0259ndirilm\u0259si, bilik v\u0259 bacar\u0131qlar\u0131n\u0131n inki\u015faf\u0131 \u00fc\u00e7\u00fcn t\u0259liml\u0259r\u0259, seminarlara c\u0259lb edilm\u0259si. Bu zaman t\u0259l\u0259b\u0259l\u0259rin bilik v\u0259 bacar\u0131q s\u0259viyy\u0259l\u0259ri yax\u015f\u0131la\u015fd\u0131r\u0131lacaq, onlar\u0131n t\u0259cr\u00fcb\u0259 proqramlar\u0131ndan yararlanma \u0259hat\u0259l\u0259ri geni\u015fl\u0259ndiril\u0259c\u0259k, g\u0259l\u0259c\u0259kd\u0259 i\u015f f\u0259aliyy\u0259tl\u0259ri zaman\u0131 qar\u015f\u0131la\u015fa bil\u0259c\u0259kl\u0259ri probleml\u0259ri asanl\u0131qla h\u0259ll etm\u0259 v\u0259rdi\u015fi yaranacaq, eyni zamanda \u00f6zl\u0259rini inki\u015faf etdir\u0259r\u0259k c\u0259miyy\u0259tin inki\u015faf\u0131na g\u0259tirib \u00e7\u0131xaracaqlar.&nbsp;<\/li><li>T\u0259l\u0259b\u0259l\u0259rin t\u0259liml\u0259rd\u0259, seminarlarda, m\u00fcsabiq\u0259l\u0259rd\u0259 i\u015ftirak etm\u0259l\u0259rin\u0259 \u015f\u0259raitin yarad\u0131lmas\u0131 v\u0259 bunlarla ba\u011fl\u0131 t\u0259hsil m\u00fc\u0259ssis\u0259l\u0259rind\u0259 elan l\u00f6vh\u0259l\u0259rinin yarad\u0131lmas\u0131. Bu l\u00f6vh\u0259l\u0259rin yarad\u0131lmas\u0131 il\u0259 t\u0259l\u0259b\u0259l\u0259r t\u0259hsil ald\u0131qlar\u0131 m\u00fc\u0259ssis\u0259l\u0259rd\u0259 maraq dair\u0259l\u0259rin\u0259 uy\u011fun v\u0259 onlara faydal\u0131 olan h\u0259r bir t\u0259lim, seminar, m\u00fcsabiq\u0259l\u0259rd\u0259n&nbsp;rahat \u015f\u0259kild\u0259 m\u0259lumat \u0259ld\u0259 ed\u0259c\u0259kl\u0259r.<\/li><li>Az\u0259rbaycanda t\u0259hsil alan xarici t\u0259l\u0259b\u0259l\u0259rl\u0259 \u0259laq\u0259l\u0259rin m\u00f6hk\u0259ml\u0259ndirilm\u0259si, tariximizi, milli m\u0259d\u0259niyy\u0259timizi tan\u0131tmaq.<\/li><li>T\u0259hsil m\u00fc\u0259ssis\u0259l\u0259rind\u0259 yay kurslar\u0131n\u0131n yarad\u0131lmas\u0131. Yay kurslar\u0131n\u0131n yarad\u0131lmas\u0131 t\u0259l\u0259b\u0259l\u0259rin asud\u0259 vaxtlar\u0131n\u0131 s\u0259m\u0259r\u0259li ke\u00e7irm\u0259l\u0259rin\u0259 imkan yarad\u0131r. Bu zaman t\u0259l\u0259b\u0259l\u0259rin ya\u015fad\u0131qlar\u0131 regionlarda yerl\u0259\u015f\u0259n G\u0259ncl\u0259r evl\u0259ri il\u0259 \u0259laq\u0259l\u0259rin qurulmas\u0131, h\u0259m\u00e7inin onlar\u0131n maraq dair\u0259l\u0259rini \u0259hat\u0259 ed\u0259c\u0259k t\u0259dbirl\u0259rin ke\u00e7irilm\u0259si n\u0259z\u0259rd\u0259 tutulur.<\/li><\/ol>\n\n\n\n<p><\/p>\n","protected":false},"excerpt":{"rendered":"<p>\u201cT\u0259hsil m\u00fc\u0259ssis\u0259l\u0259rind\u0259 t\u0259l\u0259b\u0259l\u0259rin sosial f\u0259aliyy\u0259ti v\u0259 inki\u015faf\u0131\u201d layih\u0259si haqq\u0131nda Layih\u0259nin m\u0259qs\u0259di ali, orta ixtisas v\u0259 pe\u015f\u0259 t\u0259hsili m\u00fc\u0259ssis\u0259l\u0259rind\u0259 t\u0259l\u0259b\u0259l\u0259rin sosial f\u0259aliyy\u0259tl\u0259rinin yax\u015f\u0131la\u015fd\u0131r\u0131lmas\u0131, onlar\u0131n h\u0259rt\u0259r\u0259fli inki\u015faf etdirilm\u0259si v\u0259 sosial m\u0259suliyy\u0259ti d\u0259rk ed\u0259r\u0259k, c\u0259miyy\u0259t \u00fc\u00e7\u00fcn faydal\u0131 i\u015fl\u0259rin g\u00f6r\u00fclm\u0259sin\u0259 c\u0259lb edilm\u0259l\u0259ridir. H\u0259m\u00e7inin, t\u0259l\u0259b\u0259l\u0259rin h\u0259m t\u0259hsil prosesind\u0259, h\u0259m d\u0259 ictimai f\u0259all\u0131qlar\u0131nda \u0259hat\u0259 dair\u0259sinin geni\u015fl\u0259ndirilm\u0259si<\/p>\n","protected":false},"author":1,"featured_media":0,"parent":0,"menu_order":0,"comment_status":"closed","ping_status":"open","template":"","meta":{"footnotes":""},"class_list":["post-2","page","type-page","status-publish","hentry"],"aioseo_notices":[],"_links":{"self":[{"href":"https:\/\/telebexidmet.az\/az\/wp-json\/wp\/v2\/pages\/2","targetHints":{"allow":["GET"]}}],"collection":[{"href":"https:\/\/telebexidmet.az\/az\/wp-json\/wp\/v2\/pages"}],"about":[{"href":"https:\/\/telebexidmet.az\/az\/wp-json\/wp\/v2\/types\/page"}],"author":[{"embeddable":true,"href":"https:\/\/telebexidmet.az\/az\/wp-json\/wp\/v2\/users\/1"}],"replies":[{"embeddable":true,"href":"https:\/\/telebexidmet.az\/az\/wp-json\/wp\/v2\/comments?post=2"}],"version-history":[{"count":24,"href":"https:\/\/telebexidmet.az\/az\/wp-json\/wp\/v2\/pages\/2\/revisions"}],"predecessor-version":[{"id":20395,"href":"https:\/\/telebexidmet.az\/az\/wp-json\/wp\/v2\/pages\/2\/revisions\/20395"}],"wp:attachment":[{"href":"https:\/\/telebexidmet.az\/az\/wp-json\/wp\/v2\/media?parent=2"}],"curies":[{"name":"wp","href":"https:\/\/api.w.org\/{rel}","templated":true}]}}