{"id":19513,"date":"2022-04-11T17:53:07","date_gmt":"2022-04-11T17:53:07","guid":{"rendered":"https:\/\/telebexidmet.az\/?page_id=19513"},"modified":"2022-04-12T05:28:58","modified_gmt":"2022-04-12T05:28:58","slug":"labor-code-of-the-republic-of-azerbaijan","status":"publish","type":"page","link":"https:\/\/telebexidmet.az\/az\/labor-code-of-the-republic-of-azerbaijan\/","title":{"rendered":"Az\u0259rbaycan Respublikas\u0131 \u018fm\u0259k M\u0259c\u0259ll\u0259si"},"content":{"rendered":"\n<p>Az\u0259rbaycan Respublikas\u0131 Konstitusiyas\u0131n\u0131n 35-ci madd\u0259sin\u0259 \u0259sas\u0259n \u0259m\u0259k f\u0259rdi v\u0259 ictimai rifah\u0131n \u0259sas\u0131d\u0131r. H\u0259r k\u0259sin \u0259m\u0259y\u0259 olan qabiliyy\u0259ti \u0259sas\u0131nda s\u0259rb\u0259st sur\u0259td\u0259 \u00f6z\u00fcn\u0259 f\u0259aliyy\u0259t n\u00f6v\u00fc, pe\u015f\u0259, m\u0259\u015f\u011fuliyy\u0259t v\u0259 i\u015f yeri se\u00e7m\u0259k h\u00fcququ vard\u0131r.<\/p>\n\n\n\n<p><strong>Az\u0259rbaycan Respublikas\u0131n\u0131n \u018fm\u0259k M\u0259c\u0259ll\u0259sind\u0259:<\/strong><\/p>\n\n\n\n<ul class=\"wp-block-list\"><li>m\u00fcvafiq h\u00fcquq normalar\u0131 il\u0259 \u0259m\u0259k m\u00fcnasib\u0259tl\u0259rind\u0259 i\u015f\u00e7il\u0259rin v\u0259 i\u015f\u0259g\u00f6t\u00fcr\u0259nl\u0259rin \u0259m\u0259k, sosial, iqtisadi h\u00fcquqlar\u0131 v\u0259 bu h\u00fcquqlarla ba\u011fl\u0131 m\u00fcvafiq t\u0259minatlar\u0131n minimum s\u0259viyy\u0259si;<\/li><li>Az\u0259rbaycan Respublikas\u0131 Konstitusiyas\u0131n\u0131n ikinci b\u00f6lm\u0259sind\u0259 n\u0259z\u0259rd\u0259 tutulan \u0259m\u0259k, istirah\u0259t, t\u0259hl\u00fck\u0259siz v\u0259 sa\u011flam \u015f\u0259raitd\u0259 i\u015fl\u0259m\u0259k h\u00fcququnun, habel\u0259 dig\u0259r \u0259sas insan h\u00fcquqlar\u0131n\u0131n v\u0259 azadl\u0131qlar\u0131n\u0131n t\u0259min edilm\u0259si prinsipl\u0259ri v\u0259 qaydalar\u0131;<\/li><li>Az\u0259rbaycan Respublikas\u0131n\u0131n ba\u011flad\u0131\u011f\u0131 v\u0259 ya t\u0259r\u0259fdar \u00e7\u0131xd\u0131\u011f\u0131 beyn\u0259lxalq m\u00fcqavil\u0259l\u0259r\u0259, Beyn\u0259lxalq \u018fm\u0259k T\u0259\u015fkilat\u0131n\u0131n konvensiyalar\u0131na v\u0259 dig\u0259r beyn\u0259lxalq h\u00fcquq normalar\u0131na uy\u011fun olaraq \u0259m\u0259k m\u00fcnasib\u0259tl\u0259rinin yaranmas\u0131, d\u0259yi\u015fdirilm\u0259si, onlara xitam verilm\u0259si v\u0259 bu m\u00fcnasib\u0259tl\u0259rin i\u015ftirak\u00e7\u0131lar\u0131n\u0131n h\u00fcquqlar\u0131n\u0131n m\u00fchafiz\u0259si sah\u0259sind\u0259 i\u015f\u00e7il\u0259rin, i\u015f\u0259g\u00f6t\u00fcr\u0259nl\u0259rin, habel\u0259 m\u00fcvafiq d\u00f6vl\u0259t hakimiyy\u0259ti orqanlar\u0131n\u0131n h\u00fcquqlar\u0131n\u0131, v\u0259zif\u0259l\u0259rini t\u0259nzim ed\u0259n normalar t\u0259sbit edilir.<\/li><\/ul>\n\n\n\n<div class=\"wp-block-buttons is-layout-flex wp-block-buttons-is-layout-flex\">\n<div class=\"wp-block-button\"><a class=\"wp-block-button__link\" href=\"\/wp-content\/uploads\/2022\/04\/Azerbaycan_Respublikasi_emek_mecellesi.pdf\" target=\"_blank\" rel=\"noreferrer noopener\">TAM VERS\u0130YA (PDF)<\/a><\/div>\n<\/div>\n","protected":false},"excerpt":{"rendered":"<p>Az\u0259rbaycan Respublikas\u0131 Konstitusiyas\u0131n\u0131n 35-ci madd\u0259sin\u0259 \u0259sas\u0259n \u0259m\u0259k f\u0259rdi v\u0259 ictimai rifah\u0131n \u0259sas\u0131d\u0131r. H\u0259r k\u0259sin \u0259m\u0259y\u0259 olan qabiliyy\u0259ti \u0259sas\u0131nda s\u0259rb\u0259st sur\u0259td\u0259 \u00f6z\u00fcn\u0259 f\u0259aliyy\u0259t n\u00f6v\u00fc, pe\u015f\u0259, m\u0259\u015f\u011fuliyy\u0259t v\u0259 i\u015f yeri se\u00e7m\u0259k h\u00fcququ vard\u0131r. Az\u0259rbaycan Respublikas\u0131n\u0131n \u018fm\u0259k M\u0259c\u0259ll\u0259sind\u0259: m\u00fcvafiq h\u00fcquq normalar\u0131 il\u0259 \u0259m\u0259k m\u00fcnasib\u0259tl\u0259rind\u0259 i\u015f\u00e7il\u0259rin v\u0259 i\u015f\u0259g\u00f6t\u00fcr\u0259nl\u0259rin \u0259m\u0259k, sosial, iqtisadi h\u00fcquqlar\u0131 v\u0259 bu<\/p>\n","protected":false},"author":1,"featured_media":0,"parent":0,"menu_order":0,"comment_status":"closed","ping_status":"closed","template":"","meta":{"footnotes":""},"class_list":["post-19513","page","type-page","status-publish","hentry"],"aioseo_notices":[],"_links":{"self":[{"href":"https:\/\/telebexidmet.az\/az\/wp-json\/wp\/v2\/pages\/19513","targetHints":{"allow":["GET"]}}],"collection":[{"href":"https:\/\/telebexidmet.az\/az\/wp-json\/wp\/v2\/pages"}],"about":[{"href":"https:\/\/telebexidmet.az\/az\/wp-json\/wp\/v2\/types\/page"}],"author":[{"embeddable":true,"href":"https:\/\/telebexidmet.az\/az\/wp-json\/wp\/v2\/users\/1"}],"replies":[{"embeddable":true,"href":"https:\/\/telebexidmet.az\/az\/wp-json\/wp\/v2\/comments?post=19513"}],"version-history":[{"count":5,"href":"https:\/\/telebexidmet.az\/az\/wp-json\/wp\/v2\/pages\/19513\/revisions"}],"predecessor-version":[{"id":19521,"href":"https:\/\/telebexidmet.az\/az\/wp-json\/wp\/v2\/pages\/19513\/revisions\/19521"}],"wp:attachment":[{"href":"https:\/\/telebexidmet.az\/az\/wp-json\/wp\/v2\/media?parent=19513"}],"curies":[{"name":"wp","href":"https:\/\/api.w.org\/{rel}","templated":true}]}}