{"id":19156,"date":"2022-03-04T01:14:20","date_gmt":"2022-03-03T21:14:20","guid":{"rendered":"https:\/\/telebexidmet.az\/?page_id=19156"},"modified":"2022-04-18T12:57:14","modified_gmt":"2022-04-18T12:57:14","slug":"ministry-of-education-of-the-republic-of-azerbaijan","status":"publish","type":"page","link":"https:\/\/telebexidmet.az\/az\/ministry-of-education-of-the-republic-of-azerbaijan\/","title":{"rendered":"Az\u0259rbaycan Respublikas\u0131 T\u0259hsil Nazirliyi"},"content":{"rendered":"\n<p>Az\u0259rbaycan Xalq C\u00fcmhuriyy\u0259ti h\u00f6kum\u0259tinin 1918-ci il 28 may tarixli q\u0259rar\u0131 il\u0259 maarif v\u0259 t\u0259hsil \u00fczr\u0259 ilk nazirlik-Xalq Maarifi Nazirliyi yarad\u0131l\u0131b. Nazirl\u0259r \u015euras\u0131n\u0131n 30 iyun 1918-ci il tarixli q\u0259rar\u0131 il\u0259 Xalq Maarifi Nazirliyinin \u00fc\u00e7 \u015f\u00f6b\u0259d\u0259n (\u00fcmumi orta t\u0259hsil, ali v\u0259 orta ixtisas t\u0259hsili, pe\u015f\u0259 m\u0259kt\u0259bl\u0259ri) ibar\u0259t strukturu t\u0259sdiq olunub.<\/p>\n\n\n\n<p>Az\u0259rbaycan SSR Xalq Komissarlar\u0131 Sovetinin 28 aprel 1920-ci il tarixli q\u0259rar\u0131 il\u0259 Xalq Maarifi Nazirliyinin ad\u0131 d\u0259yi\u015fdiril\u0259r\u0259k Xalq Maarifi Komissarl\u0131\u011f\u0131 ad\u0131 il\u0259 yenid\u0259n t\u0259\u015fkil edilib v\u0259 \u00f6lk\u0259d\u0259ki b\u00fct\u00fcn t\u0259hsil m\u00fc\u0259ssis\u0259l\u0259ri bu qurumun tabeliyin\u0259 verilib.<\/p>\n\n\n\n<p>1940-c\u0131 ild\u0259 Az\u0259rbaycan SSR Nazirl\u0259r Sovetinin q\u0259rar\u0131 il\u0259 \u018fm\u0259k Ehtiyatlar\u0131 \u0130dar\u0259si yarad\u0131l\u0131b v\u0259 texniki-pe\u015f\u0259 t\u0259hsili m\u00fc\u0259ssis\u0259l\u0259ri h\u0259min idar\u0259nin tabeliyin\u0259 daxil edilib. H\u00f6kum\u0259tin q\u0259rar\u0131 il\u0259 h\u0259min idar\u0259 \u0259sas\u0131nda 1959-cu ild\u0259 yarad\u0131lan D\u00f6vl\u0259t Texniki Pe\u015f\u0259 T\u0259hsili Komit\u0259si 1988-ci il\u0259d\u0259k f\u0259aliyy\u0259t g\u00f6st\u0259rib. Eyni zamanda Az\u0259rbaycan SSR Nazirl\u0259r Sovetinin q\u0259rar\u0131 il\u0259 1959-cu ild\u0259 Ali v\u0259 Orta \u0130xtisas T\u0259hsili Komit\u0259si (1964-c\u00fc ild\u0259 Ali v\u0259 Orta \u0130xtisas T\u0259hsili Nazirliyin\u0259 \u00e7evrilib) yarad\u0131l\u0131b. Respublikan\u0131n ali v\u0259 orta ixtisas m\u0259kt\u0259bl\u0259ri bu qurumun tabeliyin\u0259 verilib v\u0259 Ali v\u0259 Orta \u0130xtisas T\u0259hsili Nazirliyi 1988-ci il\u0259d\u0259k f\u0259aliyy\u0259t g\u00f6st\u0259rib. \u00dcmumiyy\u0259tl\u0259, 1959-cu ild\u0259n 1988-ci il\u0259d\u0259k Az\u0259rbaycanda t\u0259hsill\u0259 ba\u011fl\u0131 2 nazirlik v\u0259 bir komit\u0259 (Xalq Maarifi Nazirliyi, Ali v\u0259 Orta \u0130xtisas T\u0259hsili Nazirliyi, D\u00f6vl\u0259t Texniki Pe\u015f\u0259 T\u0259hsili Komit\u0259si) f\u0259aliyy\u0259t g\u00f6st\u0259rib.<\/p>\n\n\n\n<p>1988-ci ild\u0259 Az\u0259rbaycan SSR Nazirl\u0259r Sovetinin q\u0259rar\u0131 il\u0259 h\u0259r \u00fc\u00e7 nazirlik l\u0259\u011fv edil\u0259r\u0259k onlar\u0131n bazas\u0131nda Xalq T\u0259hsili Nazirliyi yarad\u0131l\u0131b v\u0259 nazirliyin strukturu t\u0259sdiq olunub. Az\u0259rbaycan Respublikas\u0131 Prezidentinin 3 sentyabr 1993-c\u00fc il tarixli s\u0259r\u0259ncam\u0131 il\u0259 Xalq T\u0259hsili Nazirliyinin ad\u0131 d\u0259yi\u015fdiril\u0259r\u0259k T\u0259hsil Nazirliyi adland\u0131r\u0131l\u0131b. Az\u0259rbaycan Respublikas\u0131 Prezidentinin 1 mart 2005-ci il tarixli f\u0259rman\u0131 il\u0259 Nazirliyin \u018fsasnam\u0259si t\u0259sdiq edilib.<\/p>\n\n\n\n<p>Az\u0259rbaycan Respublikas\u0131 Prezidentinin 2020-ci il 27 iyul S\u0259r\u0259ncam\u0131 il\u0259 Emin \u018fmrullayev T\u0259hsil naziri t\u0259yin edilib.<\/p>\n","protected":false},"excerpt":{"rendered":"<p>Az\u0259rbaycan Xalq C\u00fcmhuriyy\u0259ti h\u00f6kum\u0259tinin 1918-ci il 28 may tarixli q\u0259rar\u0131 il\u0259 maarif v\u0259 t\u0259hsil \u00fczr\u0259 ilk nazirlik-Xalq Maarifi Nazirliyi yarad\u0131l\u0131b. Nazirl\u0259r \u015euras\u0131n\u0131n 30 iyun 1918-ci il tarixli q\u0259rar\u0131 il\u0259 Xalq Maarifi Nazirliyinin \u00fc\u00e7 \u015f\u00f6b\u0259d\u0259n (\u00fcmumi orta t\u0259hsil, ali v\u0259 orta ixtisas t\u0259hsili, pe\u015f\u0259 m\u0259kt\u0259bl\u0259ri) ibar\u0259t strukturu t\u0259sdiq olunub. Az\u0259rbaycan SSR<\/p>\n","protected":false},"author":1,"featured_media":0,"parent":0,"menu_order":0,"comment_status":"closed","ping_status":"closed","template":"","meta":{"footnotes":""},"class_list":["post-19156","page","type-page","status-publish","hentry"],"aioseo_notices":[],"_links":{"self":[{"href":"https:\/\/telebexidmet.az\/az\/wp-json\/wp\/v2\/pages\/19156","targetHints":{"allow":["GET"]}}],"collection":[{"href":"https:\/\/telebexidmet.az\/az\/wp-json\/wp\/v2\/pages"}],"about":[{"href":"https:\/\/telebexidmet.az\/az\/wp-json\/wp\/v2\/types\/page"}],"author":[{"embeddable":true,"href":"https:\/\/telebexidmet.az\/az\/wp-json\/wp\/v2\/users\/1"}],"replies":[{"embeddable":true,"href":"https:\/\/telebexidmet.az\/az\/wp-json\/wp\/v2\/comments?post=19156"}],"version-history":[{"count":3,"href":"https:\/\/telebexidmet.az\/az\/wp-json\/wp\/v2\/pages\/19156\/revisions"}],"predecessor-version":[{"id":19641,"href":"https:\/\/telebexidmet.az\/az\/wp-json\/wp\/v2\/pages\/19156\/revisions\/19641"}],"wp:attachment":[{"href":"https:\/\/telebexidmet.az\/az\/wp-json\/wp\/v2\/media?parent=19156"}],"curies":[{"name":"wp","href":"https:\/\/api.w.org\/{rel}","templated":true}]}}