{"id":19153,"date":"2022-03-04T01:12:46","date_gmt":"2022-03-03T21:12:46","guid":{"rendered":"https:\/\/telebexidmet.az\/?page_id=19153"},"modified":"2022-04-18T12:55:27","modified_gmt":"2022-04-18T12:55:27","slug":"iepf","status":"publish","type":"page","link":"https:\/\/telebexidmet.az\/az\/iepf\/","title":{"rendered":"Beyn\u0259lxalq Avrasiya M\u0259tbuat Fondu (BAMF)"},"content":{"rendered":"\n<p>Beyn\u0259lxalq Avrasiya M\u0259tbuat Fondu (BAMF) m\u00fcxt\u0259lif \u00f6lk\u0259l\u0259rd\u0259n olan bir qrup jurnalist t\u0259r\u0259find\u0259n yarad\u0131lma\u015f m\u00fcst\u0259qil beyn\u0259lxalq qeyri-h\u00f6kum\u0259t t\u0259\u015fkilat\u0131d\u0131r. 1992-ci ild\u0259 Az\u0259rbaycanda d\u00f6vl\u0259t qeydiyyat\u0131na al\u0131n\u0131b. BAMF  BMT qurumlar\u0131, Amerikan\u0131n D\u00f6vl\u0259t Departamenti, Avropa Komissiyas\u0131, D\u00fcnya Bank\u0131, Beyn\u0259lxalq M\u0259tbuat \u0130nstitutu, Beyn\u0259lxalq Jurnalistl\u0259r Federasiyas\u0131, bir s\u0131ra xarici \u00f6lk\u0259l\u0259rin Az\u0259rbaycan Respublikas\u0131ndak\u0131 s\u0259firlikl\u0259ri, nazirlikl\u0259r, agentlikl\u0259r, el\u0259c\u0259 d\u0259 regiondak\u0131 yerli v\u0259 beyn\u0259lxalq qeyri-h\u00f6kum\u0259t t\u0259\u015fkilatlar\u0131 il\u0259 \u0259m\u0259kda\u015fl\u0131q \u00e7\u0259r\u00e7iv\u0259sind\u0259 f\u0259aliyy\u0259t g\u00f6st\u0259rir.<\/p>\n\n\n\n<p><strong>\u018fsas f\u0259aliyy\u0259t istiqam\u0259tl\u0259ri a\u015fa\u011f\u0131dak\u0131lard\u0131r:<\/strong><\/p>\n\n\n\n<ul class=\"wp-block-list\"><li>Media v\u0259 v\u0259t\u0259nda\u015f c\u0259miyy\u0259tinin inki\u015faf\u0131<\/li><li>B\u00f6hran\u0131n idar\u0259 olunmas\u0131, s\u00fclhm\u0259raml\u0131 aksiyalar v\u0259 konfliktologiya<\/li><li>Qa\u00e7q\u0131nlar v\u0259 m\u0259cburi k\u00f6\u00e7k\u00fcnl\u0259rin probleml\u0259ri<\/li><li>\u0130cman\u0131n inki\u015faf\u0131&nbsp;<\/li><li>T\u0259hsil<\/li><\/ul>\n\n\n\n<p>BMT-nin \u0130qtisadi Sosial \u015euras\u0131n\u0131n (ECOSOC) QHT b\u00f6lm\u0259sinin x\u00fcsusi m\u0259\u015fv\u0259r\u0259t\u00e7i statuslu \u00fczv\u00fc olan BAMF, h\u0259m\u00e7inin Qa\u00e7q\u0131nlar v\u0259 S\u0131\u011f\u0131nacaq Axtaranlar \u00fczr\u0259 Avropa \u015euras\u0131n\u0131n (ECRE), AB\u015e D\u00f6vl\u0259t Departamenti H\u0259rbi-Siyasi \u0130\u015fl\u0259r B\u00fcrosunun Silahlar\u0131n L\u0259\u011fvi v\u0259 Qada\u011fan Edilm\u0259si \u0130dar\u0259sinin \u0130ctimai-\u00d6z\u0259l T\u0259r\u0259fda\u015fl\u0131q Proqram\u0131n\u0131n, Beyn\u0259lxalq M\u0259tbuat \u0130nstitutunun (BM\u0130), Beyn\u0259lxalq S\u00fclh B\u00fcrosunun (BSB) \u00fczv\u00fcd\u00fcr. BAMF Az\u0259rbaycan M\u0259tbuat \u015euras\u0131n\u0131n v\u0259 Az\u0259rbaycan Milli Qeyri-H\u00f6kum\u0259t T\u0259\u015fkilatlar\u0131 Forumunun yarad\u0131c\u0131lar\u0131ndand\u0131r.<\/p>\n\n\n\n<p>Beyn\u0259lxalq t\u0259\u015fkilatlara \u00fczvl\u00fcy\u00fc BAMF-\u0131n f\u0259aliyy\u0259t dair\u0259sinin geni\u015fl\u0259nm\u0259si il\u0259 yana\u015f\u0131, h\u0259m d\u0259 Fonda m\u00fcvafiq s\u0259lahiyy\u0259tl\u0259r qazand\u0131r\u0131r. ECOSOC-da x\u00fcsusi m\u0259\u015fv\u0259r\u0259t\u00e7i status qazanan BAMF  BMT Ba\u015f Assambleyas\u0131 t\u0259r\u0259find\u0259n \u00e7a\u011f\u0131r\u0131lan beyn\u0259lxalq konfrans v\u0259 dig\u0259r x\u00fcsusi iclaslar\u0131n i\u015ftirak\u00e7\u0131s\u0131 olmaq, komit\u0259 t\u0259r\u0259find\u0259n verilmi\u015f z\u0259man\u0259t \u0259sas\u0131nda \u015fifahi, h\u0259m\u00e7inin q\u0131sa yaz\u0131l\u0131 b\u0259yanatlar verm\u0259k, ECOSOC-un v\u0259 onun dig\u0259r orqanlar\u0131n\u0131n iclaslar\u0131nda i\u015ftirak \u00fc\u00e7\u00fcn n\u00fcmay\u0259nd\u0259l\u0259r t\u0259yin etm\u0259k, QHT-l\u0259rin maraql\u0131 oldu\u011fu m\u0259s\u0259l\u0259l\u0259rl\u0259 ba\u011fl\u0131 katiblikd\u0259ki m\u0259murlarla m\u0259sl\u0259h\u0259tl\u0259\u015fm\u0259l\u0259r aparmaq s\u0259lahiyy\u0259tin\u0259 malikdir.<\/p>\n\n\n\n<p>BAMF b\u00f6hran\u0131n idar\u0259 olunms\u0131, s\u00fclhm\u0259raml\u0131 aksiyalar, konfliktologiya v\u0259 insan haqlar\u0131n\u0131n m\u00fcdafi\u0259si sah\u0259sind\u0259 d\u0259 s\u0259m\u0259r\u0259li i\u015f apar\u0131r. F\u0259aliyy\u0259t\u0259 ba\u015flad\u0131\u011f\u0131 ilk d\u00f6vrl\u0259rd\u0259n regionda milli v\u0259 h\u0259rbi z\u0259mind\u0259 ba\u015f ver\u0259n m\u00fcnaqi\u015f\u0259l\u0259rin \u00f6yr\u0259nilm\u0259si v\u0259 aradan qald\u0131r\u0131lmas\u0131 yollar\u0131n\u0131n ara\u015fd\u0131r\u0131lmas\u0131 Fondun \u0259sas v\u0259zif\u0259l\u0259rind\u0259n biridir.<\/p>\n\n\n\n<p>BAMF \u00f6z f\u0259aliyy\u0259tinin bu istiqam\u0259ti il\u0259 ba\u011fl\u0131 indiy\u0259d\u0259k xeyli layih\u0259l\u0259r h\u0259yata ke\u00e7irib. \u00abEvd\u0259 s\u00fclh, \u00f6lk\u0259d\u0259 s\u00fclh, cahanda s\u00fclh\u00bb (1992), \u00ab\u018frazil\u0259rin minalardan t\u0259mizl\u0259nm\u0259si \u00fczr\u0259 birinci s\u0259viyy\u0259li t\u0259dqiqat\u00bb (2000-2001), \u00abMinalar\u0131n t\u0259sirinin t\u0259dqiqat\u0131\u00bb (2002-2003), \u00abNATO v\u0259 regional t\u0259hl\u00fck\u0259sizlik\u00bb (2002), \u00ab\u0130cma Mina Aksiyas\u0131\u00bb (2002-ci ild\u0259n indiy\u0259d\u0259k davam edir), \u00abMinadan z\u0259r\u0259r\u00e7\u0259k\u0259nl\u0259rin ehtiyaclar\u0131n\u0131n \u00f6yr\u0259nilm\u0259si\u00bb (2004), \u00abAz\u0259rbaycan\u0131n T\u0259rt\u0259r rayonunda Minadan Z\u0259r\u0259r\u00e7\u0259k\u0259nl\u0259rin Assosiasiyas\u0131n\u0131n yarad\u0131lmas\u0131 v\u0259 onun f\u0259aliyy\u0259ti\u00bb (2006-2007) layih\u0259l\u0259rini yerin\u0259 yetirmi\u015f, onlarla beyn\u0259lxalq konfranslar\u0131n, seminarlar\u0131n, d\u0259yirmi masalar\u0131n i\u015ftirak\u00e7\u0131s\u0131 v\u0259 t\u0259\u015fkilat\u00e7\u0131s\u0131 olmu\u015fdur. BAMF-\u0131n t\u0259sis\u00e7iliyi il\u0259 2007-ilin mart ay\u0131nda Az\u0259rbaycanda Minadan Z\u0259r\u0259r\u00e7\u0259k\u0259nl\u0259rin Assosiasiyas\u0131 (AMZA) t\u0259sis olunub, iyul ay\u0131nda \u018fdliyy\u0259 Nazirliyind\u0259 qeydiyyatdan ke\u00e7ib. AB\u015e D\u00f6vl\u0259t Departamenti H\u0259rbi-Siyasi \u0130\u015fl\u0259r B\u00fcrosunun Silahlar\u0131n L\u0259\u011fvi v\u0259 Qada\u011fan Oldunmas\u0131 \u0130dar\u0259sinin maliyy\u0259 d\u0259st\u0259yi il\u0259 2007-ci ilin iyul ay\u0131ndan 2008-ci ilin iyul ay\u0131nad\u0259k \u00abAMZA-n\u0131n F\u00fczuli regional b\u00f6lm\u0259sinin yarad\u0131lmas\u0131 v\u0259 T\u0259rt\u0259r b\u00f6lm\u0259sinin f\u0259aliyy\u0259tinin istiqam\u0259tl\u0259ndirilm\u0259si\u00bb v\u0259 \u00abAMZA-n\u0131n Akstafa regional b\u00f6lm\u0259sinin yarad\u0131lmas\u0131 v\u0259 onun f\u0259aliyy\u0259tinin istiqam\u0259tl\u0259ndirilm\u0259si\u00bb layih\u0259l\u0259ri h\u0259yata ke\u00e7irilib.<\/p>\n\n\n\n<p>Az\u0259rbaycanda qa\u00e7q\u0131nlar\u0131n v\u0259 m\u0259cburi k\u00f6\u00e7k\u00fcnl\u0259rin probleml\u0259rinin h\u0259lli, miqrasiya m\u0259s\u0259l\u0259l\u0259rinin \u00f6yr\u0259nilm\u0259si sah\u0259sind\u0259 d\u0259 Beyn\u0259lxalq Avrasiya M\u0259tbuat Fondu u\u011furlu i\u015fl\u0259r g\u00f6r\u00fcr, layih\u0259l\u0259r h\u0259yata ke\u00e7irir. F\u0259aliyy\u0259t\u0259 ba\u015flad\u0131\u011f\u0131 ilk d\u00f6vrl\u0259rd\u0259n qa\u00e7q\u0131nlar\u0131n v\u0259 m\u0259cburi k\u00f6\u00e7k\u00fcnl\u0259rin probleml\u0259rinin h\u0259lli m\u0259s\u0259l\u0259sini prioritet v\u0259zif\u0259l\u0259rd\u0259n hesab ed\u0259n BAMF, 1997-ci ilin dekabr ay\u0131nda Sankt-Peterburq \u015f\u0259h\u0259rind\u0259 Rusiya Co\u011frafiya C\u0259miyy\u0259ti, Rusiya Yaz\u0131\u00e7\u0131lar \u0130ttifaq\u0131n\u0131n Sankt-Peterburq \u015f\u00f6b\u0259si, Sankt-Peterburq D\u00f6vl\u0259t M\u0259d\u0259niyy\u0259t Akademiyas\u0131, Az\u0259rbaycan-Sankt-Peterburq M\u0259d\u0259niyy\u0259t M\u0259rk\u0259zi il\u0259 birg\u0259 \u00abMilli m\u0259s\u0259l\u0259 v\u0259 qa\u00e7q\u0131nlar problemi\u00bb adl\u0131 beyn\u0259lxalq konfrans ke\u00e7irib.  T\u0259dbird\u0259 30-dan \u00e7ox \u00f6lk\u0259nin 100-d\u0259n art\u0131q n\u00fcmay\u0259nd\u0259si i\u015ftirak edib. Konfrans\u0131n q\u0259bul etdiyi q\u0259tnam\u0259 BMT v\u0259 d\u00fcnya ictimaiyy\u0259tin\u0259 \u00fcnvanrlanm\u0131\u015f, \u0259sas diqq\u0259t Az\u0259rbaycan\u0131n probleml\u0259rin\u0259 y\u00f6n\u0259ldilib, m\u00fcharib\u0259nin Az\u0259rbaycana vurdu\u011fu ziyan s\u0259rgil\u0259rd\u0259 n\u00fcmayi\u015f etdirilib. BAMF Danimarka Qa\u00e7q\u0131nlar \u015euras\u0131n\u0131n maliyy\u0259 d\u0259st\u0259yi il\u0259 2001- 2003-c\u00fc ill\u0259rd\u0259 \u00abQafqaz regionu qeyri-h\u00f6kum\u0259t t\u0259\u015fkilatlar\u0131 \u00fczr\u0259 \u00e7oxfunksiyal\u0131 infoterminal\u00bb layih\u0259sini h\u0259yata ke\u00e7irib.  2002-ci ild\u0259 is\u0259 BAMF G\u00fcrc\u00fcstan M\u00fcst\u0259qil Jurnalistl\u0259r Assosiasiyas\u0131 il\u0259 birlikd\u0259 \u00abQa\u00e7q\u0131n v\u0259 m\u0259cburi k\u00f6\u00e7k\u00fcnl\u0259rin maraqlar\u0131n\u0131n lobbil\u0259\u015fdirilm\u0259si\u00bb layih\u0259sinin icras\u0131nda i\u015ftirak edib.<\/p>\n\n\n\n<p>BAMF-\u0131n n\u0259zdind\u0259 f\u0259aliyy\u0259t g\u00f6st\u0259r\u0259n \u0130cma Mina Aksiyas\u0131 komandas\u0131n\u0131n t\u0259rkibinin t\u0259xmin\u0259n 40 faizini qa\u00e7q\u0131nlar v\u0259 m\u0259cburi k\u00f6\u00e7k\u00fcnl\u0259r t\u0259\u015fkil edir.<\/p>\n\n\n\n<p>D\u00fcnya Bank\u0131n\u0131n v\u0259 Yaponiyan\u0131n Sosial \u0130nki\u015faf Fondunun maliyy\u0259 d\u0259st\u0259yi il\u0259 2009-cu ild\u0259n icras\u0131na ba\u015flanan \u201cOrtaq m\u0259kt\u0259bl\u0259rd\u0259 yerli m\u0259cburi k\u00f6\u00e7k\u00fcn \u015fagirdl\u0259r aras\u0131nda qar\u015f\u0131l\u0131ql\u0131 sosial \u0259laq\u0259l\u0259rin inki\u015faf etdirilm\u0259si v\u0259 stimulla\u015fd\u0131r\u0131lmas\u0131\u201d layih\u0259si 2011-ci ild\u0259 ba\u015fa \u00e7at\u0131b.<\/p>\n\n\n\n<p>B\u0259zi sosial ay\u0131rmalardan v\u0259 \u0259lav\u0259 vergil\u0259rd\u0259n azad olunmas\u0131 \u00fc\u00e7\u00fcn D\u00f6vl\u0259t Reesterin\u0259 sal\u0131nan BAMF Beyn\u0259lxalq Humanitar Yard\u0131m \u00fczr\u0259 D\u00f6vl\u0259t Komissiyas\u0131 t\u0259r\u0259find\u0259n qa\u00e7q\u0131nlara v\u0259 m\u0259cburi k\u00f6\u00e7k\u00fcnl\u0259r\u0259 humanitar yard\u0131mlar\u0131n paylanmas\u0131 prosesin\u0259 c\u0259lb edilib.<\/p>\n\n\n\n<p>Az\u0259rbaycanda humanitar yard\u0131mdan inki\u015fafa do\u011fru ke\u00e7ildiyi bir d\u00f6vrd\u0259 BAMF, icma probleml\u0259rinin h\u0259llini, ev-e\u015fikl\u0259rind\u0259n did\u0259rgin d\u00fc\u015fm\u00fc\u015f soyda\u015flar aras\u0131nda sahibkarl\u0131q bacar\u0131qlar\u0131n\u0131n inki\u015faf etdirilm\u0259si m\u0259qs\u0259dil\u0259 layih\u0259l\u0259r h\u0259yata ke\u00e7irilm\u0259sini \u00f6n plana sal\u0131b. Bunun \u00fc\u00e7\u00fcn T\u0259\u015fkilat\u0131n 2007-ci ild\u0259 t\u0259sis etdiyi v\u0259 Az\u0259rbaycan Respublikas\u0131 \u018fdliyy\u0259 Nazirliyi t\u0259r\u0259find\u0259n qeydiyyata al\u0131nm\u0131\u015f Bank Olmayan Kredit T\u0259\u015fkilat\u0131 \u00abAvrasiya-Kredit\u00bb M\u0259hdud M\u0259suliyy\u0259tli C\u0259miyy\u0259t el\u0259 h\u0259min ild\u0259n f\u0259aliyy\u0259t\u0259 ba\u015flam\u0131\u015f v\u0259 indiy\u0259d\u0259k ki\u00e7ik sahibkarl\u0131qla m\u0259\u015f\u011ful olmaq \u00fc\u00e7\u00fcn 1200 n\u0259f\u0259rd\u0259n \u00e7ox azt\u0259minatl\u0131 ail\u0259y\u0259 kredit vermi\u015fdir.<\/p>\n\n\n\n<p>\u00a0AB\u015e D\u00f6vl\u0259t Departamentinin maliyy\u0259 d\u0259st\u0259yi il\u0259 2009-cu ilin iyul ay\u0131ndan h\u0259yata ke\u00e7iril\u0259n \u201cAz\u0259rbaycan\u0131n T\u0259rt\u0259r regionunda mina qurbanlar\u0131 v\u0259 m\u00fcharib\u0259d\u0259n z\u0259r\u0259r \u00e7\u0259kmi\u015f insanlar \u00fc\u00e7\u00fcn pe\u015f\u0259 t\u0259limi m\u0259rk\u0259zinin (PTM) yarad\u0131lmas\u0131\u201d layih\u0259si icman\u0131n t\u0259\u015f\u0259bb\u00fcsl\u0259rinin s\u0259f\u0259rb\u0259r olunmas\u0131nda m\u00fcst\u0259sna \u0259h\u0259miyy\u0259t\u0259 malikdir. Mina qurbanlar\u0131, onlar\u0131n ail\u0259 \u00fczvl\u0259ri, t\u0259qa\u00fcd\u00e7\u00fc minaaxtaranlar, qa\u00e7q\u0131nlar, m\u0259cburi k\u00f6\u00e7k\u00fcnl\u0259r v\u0259 azt\u0259minatl\u0131 ail\u0259l\u0259r \u00fc\u00e7\u00fcn pe\u015f\u0259 t\u0259limi h\u0259yata ke\u00e7irm\u0259k regionda bu t\u0259b\u0259q\u0259d\u0259n olan insanlar aras\u0131nda i\u015fsizliyin s\u0259viyy\u0259sinin a\u015fa\u011f\u0131 sal\u0131nmas\u0131na imkan yarad\u0131r.<\/p>\n\n\n\n<p>BAMF 2007-ci ilin iyul ay\u0131nda Minilliyin \u0130nki\u015faf\u0131 Proqram\u0131 \u00e7\u0259r\u00e7iv\u0259sind\u0259 BMT-nin Genevr\u0259 ofisind\u0259 \u00ab\u0130nki\u015faf \u00fc\u00e7\u00fcn qlobal t\u0259r\u0259fda\u015fl\u0131q yolu il\u0259 yoxsullu\u011fun v\u0259 acl\u0131\u011f\u0131n aradan qald\u0131r\u0131lmas\u0131 istiqam\u0259tind\u0259 s\u0259yl\u0259rin g\u00fccl\u0259ndirilm\u0259si\u00bb adl\u0131 \u0130llik Yenilik\u00e7i s\u0259rgid\u0259 i\u015ftirak edib.  T\u0259dbird\u0259 BMT-nin Ba\u015f Katibi, ECOSOC-un prezidenti, UNESCO-nun Ba\u015f katibi, ECOSOC-un QHT b\u00f6lm\u0259sinin r\u0259hb\u0259ri v\u0259 dig\u0259r y\u00fcks\u0259k \u00e7inli \u015f\u0259xsl\u0259r i\u015ftirak edibl\u0259r. S\u0259rgid\u0259 d\u00fcnyan\u0131n ayr\u0131-ayr\u0131 \u00f6lk\u0259l\u0259rind\u0259n 30-a yax\u0131n QHT i\u015ftirak edib. BAMF s\u0259rgid\u0259 AB\u015e D\u00f6vl\u0259t Departamenti H\u0259rbi-Syasi \u0130\u015fl\u0259r B\u00fcrosunun Silahlar\u0131n L\u0259\u011fvi v\u0259 Qada\u011fan Olunmas\u0131 \u0130dar\u0259sinin maliyy\u0259 d\u0259st\u0259yi il\u0259 h\u0259yata ke\u00e7irdiyi \u00abAz\u0259rbaycan\u0131n T\u0259rt\u0259r rayonunda minadan z\u0259r\u0259r\u00e7\u0259k\u0259nl\u0259rin Assosiasiyas\u0131n\u0131n yarad\u0131lmas\u0131 v\u0259 onun f\u0259aliyy\u0259ti\u00bb layih\u0259si \u00e7\u0259r\u00e7iv\u0259sind\u0259 \u0259ld\u0259 olunmu\u015f nailiyy\u0259tl\u0259ri \u00f6z\u00fcnd\u0259 \u0259ks etdir\u0259n \u00abU\u011furlu hekay\u0259t\u00bbl\u0259 i\u015ftirak edib.<\/p>\n\n\n\n<p>BMT-nin Ba\u015f Katibi Ban Ki-mun BAMF-\u0131n Yenilik\u00e7i s\u0259rgid\u0259 i\u015ftirak\u0131n\u0131 y\u00fcks\u0259k qiym\u0259tl\u0259ndirib, \u00f6z fikirl\u0259rini t\u0259\u015fkilat\u0131n r\u0259y kitab\u0131nda bel\u0259 ifad\u0259 edib: \u00abM\u0259n sizin b\u0259\u015f\u0259riyy\u0259t\u0259 etdiyiniz t\u0259m\u0259nnas\u0131z xidm\u0259ti d\u0259st\u0259kl\u0259yir\u0259m!\u00bb<\/p>\n\n\n\n<p>Bu g\u00fcn ba\u015f ofisi Bak\u0131 \u015f\u0259h\u0259rind\u0259 yerl\u0259\u015f\u0259n BAMF \u00f6z\u00fcn\u00fcn beyn\u0259lxalq t\u0259cr\u00fcb\u0259sin\u0259, ciddi v\u0259 n\u00fcfuzlu t\u0259r\u0259fda\u015flar\u0131na, s\u0259ri\u015ft\u0259li kadr potensial\u0131na, maddi-texniki bazas\u0131na g\u00f6r\u0259 regionda tan\u0131nm\u0131\u015f qeyri-h\u00f6kum\u0259t t\u0259\u015fkilatlar\u0131ndan birin\u0259 \u00e7evrilib v\u0259 onun Rusiyada, Baltikyan\u0131 respublikalarda \u015f\u00f6b\u0259l\u0259ri, d\u00fcnyan\u0131n bir s\u0131ra \u00f6lk\u0259l\u0259rind\u0259 t\u0259msil\u00e7il\u0259ri vard\u0131r.<\/p>\n\n\n\n<p>BAMF-\u0131n T\u0259rt\u0259r, F\u00fczuli v\u0259 A\u011fstafa rayonlar\u0131nda regional ofisl\u0259ri f\u0259aliyy\u0259t g\u00f6st\u0259rir. Bu ofisl\u0259r vasit\u0259sil\u0259 t\u0259\u015fkilat regiondak\u0131 m\u0259qs\u0259d v\u0259 v\u0259zif\u0259l\u0259rini koordinasiya edir.<\/p>\n","protected":false},"excerpt":{"rendered":"<p>Beyn\u0259lxalq Avrasiya M\u0259tbuat Fondu (BAMF) m\u00fcxt\u0259lif \u00f6lk\u0259l\u0259rd\u0259n olan bir qrup jurnalist t\u0259r\u0259find\u0259n yarad\u0131lma\u015f m\u00fcst\u0259qil beyn\u0259lxalq qeyri-h\u00f6kum\u0259t t\u0259\u015fkilat\u0131d\u0131r. 1992-ci ild\u0259 Az\u0259rbaycanda d\u00f6vl\u0259t qeydiyyat\u0131na al\u0131n\u0131b. BAMF BMT qurumlar\u0131, Amerikan\u0131n D\u00f6vl\u0259t Departamenti, Avropa Komissiyas\u0131, D\u00fcnya Bank\u0131, Beyn\u0259lxalq M\u0259tbuat \u0130nstitutu, Beyn\u0259lxalq Jurnalistl\u0259r Federasiyas\u0131, bir s\u0131ra xarici \u00f6lk\u0259l\u0259rin Az\u0259rbaycan Respublikas\u0131ndak\u0131 s\u0259firlikl\u0259ri, nazirlikl\u0259r, agentlikl\u0259r, el\u0259c\u0259 d\u0259<\/p>\n","protected":false},"author":1,"featured_media":0,"parent":0,"menu_order":0,"comment_status":"closed","ping_status":"closed","template":"","meta":{"footnotes":""},"class_list":["post-19153","page","type-page","status-publish","hentry"],"aioseo_notices":[],"_links":{"self":[{"href":"https:\/\/telebexidmet.az\/az\/wp-json\/wp\/v2\/pages\/19153","targetHints":{"allow":["GET"]}}],"collection":[{"href":"https:\/\/telebexidmet.az\/az\/wp-json\/wp\/v2\/pages"}],"about":[{"href":"https:\/\/telebexidmet.az\/az\/wp-json\/wp\/v2\/types\/page"}],"author":[{"embeddable":true,"href":"https:\/\/telebexidmet.az\/az\/wp-json\/wp\/v2\/users\/1"}],"replies":[{"embeddable":true,"href":"https:\/\/telebexidmet.az\/az\/wp-json\/wp\/v2\/comments?post=19153"}],"version-history":[{"count":7,"href":"https:\/\/telebexidmet.az\/az\/wp-json\/wp\/v2\/pages\/19153\/revisions"}],"predecessor-version":[{"id":19640,"href":"https:\/\/telebexidmet.az\/az\/wp-json\/wp\/v2\/pages\/19153\/revisions\/19640"}],"wp:attachment":[{"href":"https:\/\/telebexidmet.az\/az\/wp-json\/wp\/v2\/media?parent=19153"}],"curies":[{"name":"wp","href":"https:\/\/api.w.org\/{rel}","templated":true}]}}