{"id":19127,"date":"2022-03-03T04:22:46","date_gmt":"2022-03-03T00:22:46","guid":{"rendered":"https:\/\/telebexidmet.az\/?page_id=19127"},"modified":"2022-03-13T23:44:10","modified_gmt":"2022-03-13T23:44:10","slug":"gender-equality","status":"publish","type":"page","link":"https:\/\/telebexidmet.az\/az\/gender-equality\/","title":{"rendered":"Gender b\u0259rab\u0259rliyi"},"content":{"rendered":"\n<p>Gender (ki\u015fi v\u0259 qad\u0131nlar\u0131n) b\u0259rab\u0259rliyinin t\u0259minatlar\u0131 haqq\u0131nda<\/p>\n\n\n\n<p>AZ\u018fRBAYCAN RESPUBL\u0130KASININ QANUNU<\/p>\n\n\n\n<p>&nbsp;<strong>Madd\u0259 1 . Qanunun m\u0259qs\u0259di<\/strong><\/p>\n\n\n\n<p>Bu Qanunun m\u0259qs\u0259di cinsi m\u0259nsubiyy\u0259t\u0259 g\u00f6r\u0259 ayr\u0131-se\u00e7kiliyin b\u00fct\u00fcn formalar\u0131n\u0131 aradan qald\u0131rmaqla, ki\u015fi v\u0259 qad\u0131nlara ictimai h\u0259yat\u0131n siyasi, iqtisadi, sosial, m\u0259d\u0259ni v\u0259 dig\u0259r sah\u0259l\u0259rind\u0259 b\u0259rab\u0259r imkanlar yaratmaqla gender b\u0259rab\u0259rliyinin t\u0259min edilm\u0259sind\u0259n ibar\u0259tdir.<\/p>\n\n\n\n<p>&nbsp;<strong>Madd\u0259 2 . \u018fsas anlay\u0131\u015flar<\/strong><\/p>\n\n\n\n<p>2.0. Bu Qanunda a\u015fa\u011f\u0131dak\u0131 anlay\u0131\u015flar istifad\u0259 edilir:<\/p>\n\n\n\n<p>2.0.1. gender &#8211; ictimai h\u0259yat\u0131n siyasi, iqtisadi, m\u0259d\u0259ni v\u0259 dig\u0259r sah\u0259l\u0259rind\u0259 ki\u015fi v\u0259 qad\u0131n m\u00fcnasib\u0259tl\u0259rinin sosial c\u0259h\u0259ti;<\/p>\n\n\n\n<p>2.0.2. gender b\u0259rab\u0259rliyi &#8211; qad\u0131n v\u0259 ki\u015fil\u0259rin h\u00fcquq b\u0259rab\u0259rliyi v\u0259 bu h\u00fcquqlar\u0131n h\u0259yata ke\u00e7irilm\u0259si \u00fc\u00e7\u00fcn b\u0259rab\u0259r imkanlar v\u0259 onlar\u0131n c\u0259miyy\u0259td\u0259 b\u0259rab\u0259r sosial v\u0259ziyy\u0259ti;<\/p>\n\n\n\n<p>2.0.3. b\u0259rab\u0259r imkanlar &#8211; insan h\u00fcquqlar\u0131n\u0131n h\u0259yata ke\u00e7irilm\u0259sind\u0259 qad\u0131nlar v\u0259 ki\u015fil\u0259r \u00fc\u00e7\u00fcn yarad\u0131lan b\u0259rab\u0259r \u015f\u0259rait v\u0259 t\u0259minatlar;<\/p>\n\n\n\n<p>2.0.4. cinsi m\u0259nsubiyy\u0259t\u0259 g\u00f6r\u0259 ayr\u0131-se\u00e7kilik &#8211; seksual q\u0131snama, cinsi \u0259lam\u0259t\u0259 g\u00f6r\u0259 h\u00fcquqlar\u0131n b\u0259rab\u0259r h\u0259yata ke\u00e7irilm\u0259sini m\u0259hdudla\u015fd\u0131ran v\u0259 ya inkar ed\u0259n ist\u0259nil\u0259n f\u0259rq, istisna v\u0259 ya \u00fcst\u00fcnl\u00fck;<\/p>\n\n\n\n<p>2.0.5. seksual q\u0131snama &#8211; \u0259m\u0259k v\u0259 ya xidm\u0259t m\u00fcnasib\u0259tl\u0259rind\u0259 olan \u015f\u0259xsi al\u00e7aldan v\u0259 t\u0259hqir ed\u0259n, ba\u015fqa cins\u0259 v\u0259 ya seksual y\u00f6n\u00fcm\u0259 m\u0259nsubiyy\u0259td\u0259n ir\u0259li g\u0259l\u0259n v\u0259 fiziki h\u0259r\u0259k\u0259tl\u0259rd\u0259 (toxunma, \u0259ll\u0259 vurma), \u0259d\u0259bsiz s\u00f6zl\u0259rd\u0259, jestl\u0259rd\u0259, h\u0259d\u0259l\u0259rd\u0259, l\u0259k\u0259l\u0259yici t\u0259klifl\u0259rd\u0259 v\u0259 ya d\u0259v\u0259tl\u0259rd\u0259 t\u0259zah\u00fcr ed\u0259n \u0259xlaqs\u0131z davran\u0131\u015f.<\/p>\n\n\n\n<p><strong>Madd\u0259 1 3 . T\u0259hsil h\u00fcququnun h\u0259yata ke\u00e7irilm\u0259sind\u0259 b\u0259rab\u0259r imkanlar<\/strong><\/p>\n\n\n\n<p>13.1. D\u00f6vl\u0259t ki\u015fi v\u0259 qad\u0131nlara t\u0259hsil h\u00fcququnun h\u0259yata ke\u00e7irilm\u0259si \u00fc\u00e7\u00fcn b\u0259rab\u0259r imkanlar\u0131n yarad\u0131lmas\u0131n\u0131 t\u0259min edir.<\/p>\n\n\n\n<p>13.2. \u0130\u015f\u0259g\u00f6t\u00fcr\u0259n ki\u015fi v\u0259 qad\u0131nlara \u0259sas v\u0259 \u0259lav\u0259 t\u0259hsil almaq, t\u0259hsill\u0259 ba\u011fl\u0131 m\u0259zuniyy\u0259t h\u00fcququndan istifad\u0259 etm\u0259k \u00fc\u00e7\u00fcn b\u0259rab\u0259r \u015f\u0259rait yaratmal\u0131d\u0131r.<\/p>\n\n\n\n<p>13.3. D\u00f6vl\u0259t m\u00fclkiyy\u0259t n\u00f6v\u00fcnd\u0259n as\u0131l\u0131 olmayaraq, b\u00fct\u00fcn t\u0259hsil m\u00fc\u0259ssis\u0259l\u0259rin\u0259 q\u0259bulda, t\u0259l\u0259b\u0259l\u0259rin t\u0259qa\u00fcdl\u0259 t\u0259min edilm\u0259sind\u0259, t\u0259dris plan\u0131n\u0131n se\u00e7ilm\u0259sind\u0259 v\u0259 biliyin qiym\u0259tl\u0259ndirilm\u0259sind\u0259 ki\u015fi v\u0259 qad\u0131nlar \u00fc\u00e7\u00fcn b\u0259rab\u0259r imkanlar yarad\u0131lmas\u0131n\u0131 t\u0259min edir. [2]<\/p>\n\n\n\n<p>13.4. D\u0259rslikl\u0259r gender b\u0259rab\u0259rliyi prinsipin\u0259 \u0259saslanmal\u0131d\u0131r.<\/p>\n\n\n\n<p><strong>&nbsp;Madd\u0259 1 4 . T\u0259hsil m\u00fc\u0259ssis\u0259l\u0259rinin f\u0259aliyy\u0259tind\u0259 cinsi m\u0259nsubiyy\u0259t\u0259 g\u00f6r\u0259 ayr\u0131-se\u00e7kilik [3]<\/strong><\/p>\n\n\n\n<p>14.0. T\u0259hsil m\u00fc\u0259ssis\u0259l\u0259rinin f\u0259aliyy\u0259tind\u0259 a\u015fa\u011f\u0131dak\u0131 hallar cinsi m\u0259nsubiyy\u0259t\u0259 g\u00f6r\u0259 ayr\u0131-se\u00e7kilik kimi qiym\u0259tl\u0259ndiril\u0259 bil\u0259r:<\/p>\n\n\n\n<p>14.0.1. q\u0259bul zaman\u0131, t\u0259dris plan\u0131 t\u0259rtib olunark\u0259n v\u0259 ya biliyin qiym\u0259tl\u0259ndirilm\u0259si zaman\u0131 ki\u015fi v\u0259 qad\u0131nlara qar\u015f\u0131 f\u0259rqli t\u0259l\u0259bl\u0259rin t\u0259tbiq edilm\u0259si;<\/p>\n\n\n\n<p>14.0.2. t\u0259hsil sah\u0259sinin se\u00e7ilm\u0259sind\u0259 ki\u015fi v\u0259 qad\u0131nlar \u00fc\u00e7\u00fcn f\u0259rqli imkanlar\u0131n yarad\u0131lmas\u0131.<\/p>\n","protected":false},"excerpt":{"rendered":"<p>Gender (ki\u015fi v\u0259 qad\u0131nlar\u0131n) b\u0259rab\u0259rliyinin t\u0259minatlar\u0131 haqq\u0131nda AZ\u018fRBAYCAN RESPUBL\u0130KASININ QANUNU &nbsp;Madd\u0259 1 . Qanunun m\u0259qs\u0259di Bu Qanunun m\u0259qs\u0259di cinsi m\u0259nsubiyy\u0259t\u0259 g\u00f6r\u0259 ayr\u0131-se\u00e7kiliyin b\u00fct\u00fcn formalar\u0131n\u0131 aradan qald\u0131rmaqla, ki\u015fi v\u0259 qad\u0131nlara ictimai h\u0259yat\u0131n siyasi, iqtisadi, sosial, m\u0259d\u0259ni v\u0259 dig\u0259r sah\u0259l\u0259rind\u0259 b\u0259rab\u0259r imkanlar yaratmaqla gender b\u0259rab\u0259rliyinin t\u0259min edilm\u0259sind\u0259n ibar\u0259tdir. &nbsp;Madd\u0259 2 . \u018fsas<\/p>\n","protected":false},"author":1,"featured_media":0,"parent":0,"menu_order":0,"comment_status":"closed","ping_status":"closed","template":"","meta":{"footnotes":""},"class_list":["post-19127","page","type-page","status-publish","hentry"],"aioseo_notices":[],"_links":{"self":[{"href":"https:\/\/telebexidmet.az\/az\/wp-json\/wp\/v2\/pages\/19127","targetHints":{"allow":["GET"]}}],"collection":[{"href":"https:\/\/telebexidmet.az\/az\/wp-json\/wp\/v2\/pages"}],"about":[{"href":"https:\/\/telebexidmet.az\/az\/wp-json\/wp\/v2\/types\/page"}],"author":[{"embeddable":true,"href":"https:\/\/telebexidmet.az\/az\/wp-json\/wp\/v2\/users\/1"}],"replies":[{"embeddable":true,"href":"https:\/\/telebexidmet.az\/az\/wp-json\/wp\/v2\/comments?post=19127"}],"version-history":[{"count":1,"href":"https:\/\/telebexidmet.az\/az\/wp-json\/wp\/v2\/pages\/19127\/revisions"}],"predecessor-version":[{"id":19128,"href":"https:\/\/telebexidmet.az\/az\/wp-json\/wp\/v2\/pages\/19127\/revisions\/19128"}],"wp:attachment":[{"href":"https:\/\/telebexidmet.az\/az\/wp-json\/wp\/v2\/media?parent=19127"}],"curies":[{"name":"wp","href":"https:\/\/api.w.org\/{rel}","templated":true}]}}